{"id":2426,"date":"2024-12-30T13:12:03","date_gmt":"2024-12-30T13:12:03","guid":{"rendered":"https:\/\/meinschlafen.ch\/?page_id=2426"},"modified":"2024-12-30T13:16:45","modified_gmt":"2024-12-30T13:16:45","slug":"agbs","status":"publish","type":"page","link":"https:\/\/meinschlafen.ch\/?page_id=2426","title":{"rendered":"AGB&#8217;s"},"content":{"rendered":"<p>[et_pb_section fb_built=&#8220;1&#8243; _builder_version=&#8220;4.16&#8243; _module_preset=&#8220;default&#8220; global_colors_info=&#8220;{}&#8220; theme_builder_area=&#8220;post_content&#8220;][et_pb_row _builder_version=&#8220;4.16&#8243; _module_preset=&#8220;default&#8220; global_colors_info=&#8220;{}&#8220; theme_builder_area=&#8220;post_content&#8220;][et_pb_column type=&#8220;4_4&#8243; _builder_version=&#8220;4.16&#8243; _module_preset=&#8220;default&#8220; global_colors_info=&#8220;{}&#8220; theme_builder_area=&#8220;post_content&#8220;][et_pb_text _builder_version=&#8220;4.27.4&#8243; _module_preset=&#8220;default&#8220; hover_enabled=&#8220;0&#8243; global_colors_info=&#8220;{}&#8220; theme_builder_area=&#8220;post_content&#8220; sticky_enabled=&#8220;0&#8243;]<\/p>\n<h1><strong>AGB&#8217;s<\/strong><\/h1>\n<p>&nbsp;<\/p>\n<p style=\"font-weight: 400;\"><strong>Allgemeine Gesch\u00e4ftsbedingungen<\/strong><\/p>\n<p style=\"font-weight: 400;\">BCC Schmid (BCC) Tel: 044 594 22 52, E-mail: <a href=\"mailto:meinschlafeninfo@gmail.com\">meinschlafeninfo@gmail.com<\/a><\/p>\n<ol>\n<li style=\"font-weight: 400;\"><strong> Geltungsbereich<\/strong>\u2028<\/li>\n<\/ol>\n<p style=\"font-weight: 400;\">Die nachstehenden allgemeinen Gesch\u00e4ftsbedingungen der BCC Schmid (MeinSchlafen) gelten f\u00fcr unsere \u2028angebotenen Produkte und Dienstleistungen der Liege- und Schlafberatung.<\/p>\n<ol start=\"2\">\n<li style=\"font-weight: 400;\"><strong> Dienstleistungen<\/strong>\u2028<\/li>\n<\/ol>\n<p style=\"font-weight: 400;\">Nur Kunden von BCC Schmid (MeinSchlafen) kommen in den Genuss der speziellen Dienstleistungen. F\u00fcr die Aufrechterhaltung der Dienstleistungen darf BCC Schmid die Kundendaten wie Telefonnummer, Mailadressen und Wohnadresse aufbewahren und verwenden. Die Daten werden entsprechend den gesetzlichen Vorgaben (Datenschutzgesetz) vertraulich behandelt und Drittpersonen nicht zug\u00e4nglich gemacht oder abgegeben.\u2028<\/p>\n<ol start=\"3\">\n<li style=\"font-weight: 400;\"><strong> Garantien<\/strong><\/li>\n<\/ol>\n<p style=\"font-weight: 400;\">Auf die Gebrauchsf\u00e4higkeit der Matratze, Topper und Erdungsauflage gew\u00e4hren wir Ihnen:\u2028Matratzen und Topper, 2 Jahre Durchliege-Garantie, Bez\u00fcge der Matratzen und Topper, 5 Jahre, auf Erdungsauflagen: 2 Jahre (Herstellerseitige Garantiezeiten)<\/p>\n<ol start=\"4\">\n<li style=\"font-weight: 400;\"><strong> Von der Garantiezusage ausgeschlossen<\/strong>\u2028<\/li>\n<\/ol>\n<p style=\"font-weight: 400;\">M\u00e4ngel, die durch unsachgem\u00e4sse Verwendung und Behandlung verursacht wurden wie Anwendung von Gewalt, selbst durchgef\u00fchrte Ver\u00e4nderungen, \u00dcberlastungs-Sch\u00e4den, \u00f6ffnen von elektrischen Bauteilen, M\u00e4ngel durch nat\u00fcrliche Abnutzung und Verschleiss, z.B. nat\u00fcrliche Erm\u00fcdung von Federelementen, Leisten, Einstepp-Materialien, Schaumkerne. Matratzenbez\u00fcge und andere Bez\u00fcge (Hygienebestimmungen)\u2028Verschmutzung durch Stockflecke (Schimmel).<\/p>\n<ol start=\"5\">\n<li style=\"font-weight: 400;\"><strong> Widerrufsrecht bei Direktverkauf vor Ort (T\u00fcrverkauf)<\/strong><strong>\u2028<\/strong><\/li>\n<\/ol>\n<p style=\"font-weight: 400;\">Der K\u00e4ufer hat das Recht bei einem Kauf vor Ort der ohne Termin erfolgt, bis innert 14 Tagen nach Lieferung der Ware den Kauf zu widerrufen (OR, Art. 40ff). Dabei muss die Ware im Originalzustand und verpackt sein. Ausgenommen davon sind Sonderanfertigungen und bei Hygieneanf\u00e4lligen Produkten. Sonderanfertigungen m\u00fcssen zur G\u00fcltigkeit auf dem Kaufvertrag oder im Mail als solche aufgef\u00fchrt sein.\u2028 Der Widerruf kann an folgende Adresse per Mail gegen Empfangsbest\u00e4tigung erfolgen oder brieflich an die vorderseitig aufgef\u00fchrte Firmenadresse:\u2028\u2028<\/p>\n<p style=\"font-weight: 400;\">BCC Schmid, <a href=\"mailto:meinschlafeninfo@gmail.com\">meinschlafeninfo@gmail.com\u2028<\/a><\/p>\n<ol start=\"6\">\n<li style=\"font-weight: 400;\"><strong>Produktpreisgestaltung<\/strong><\/li>\n<\/ol>\n<p style=\"font-weight: 400;\">Die Verkaufspreise der Produkte beinhalten s\u00e4mtliche Beratungen und Einstellungen vor Ort beim Kunden. Der Kunde hat ein Anrecht auf eine kostenlose Nachstellung und Pr\u00fcfung von Lattenrost oder Bettgestellen.<\/p>\n<p style=\"font-weight: 400;\">7.<strong>Schlussbestimmungen<\/strong><\/p>\n<p style=\"font-weight: 400;\">S\u00e4mtliche Rechtsbeziehungen und Vertr\u00e4ge unterstehen dem schweizerischen Recht. Werden einzelne Bestimmungen unwirksam, so bleiben die restlichen Bestimmungen Rechtswirksam gem\u00e4ss Obligationenrecht. Es wird immer zuerst der alternative Weg einer Schlichtung beschritten und erst dann der Gerichtliche.<\/p>\n<p style=\"font-weight: 400;\">\n<p style=\"font-weight: 400;\">\n<p style=\"font-weight: 400;\">\n<p style=\"font-weight: 400;\">\n<p style=\"font-weight: 400;\">\n<p style=\"font-weight: 400;\">\n<p style=\"font-weight: 400;\">\n<p style=\"font-weight: 400;\">Bankverbindungen bei Banktransfer \/ Bank\u00fcberweisung: ZKB Volketswil<\/p>\n<p style=\"font-weight: 400;\">Walter Urs Schmid<\/p>\n<p style=\"font-weight: 400;\">8604 Volketswil<\/p>\n<p style=\"font-weight: 400;\">IBAN: CH03 0070 0114 8029 6351 1<\/p>\n<p>&nbsp;<\/p>\n<p>&nbsp;<\/p>\n<p>[\/et_pb_text][\/et_pb_column][\/et_pb_row][\/et_pb_section]<\/p>\n","protected":false},"excerpt":{"rendered":"<p>AGB&#8217;s &nbsp; Allgemeine Gesch\u00e4ftsbedingungen BCC Schmid (BCC) Tel: 044 594 22 52, E-mail: meinschlafeninfo@gmail.com Geltungsbereich\u2028 Die nachstehenden allgemeinen Gesch\u00e4ftsbedingungen der BCC Schmid (MeinSchlafen) gelten f\u00fcr unsere \u2028angebotenen Produkte und Dienstleistungen der Liege- und Schlafberatung. Dienstleistungen\u2028 Nur Kunden von BCC Schmid (MeinSchlafen) kommen in den Genuss der speziellen Dienstleistungen. F\u00fcr die Aufrechterhaltung der Dienstleistungen darf BCC [&hellip;]<\/p>\n","protected":false},"author":1,"featured_media":0,"parent":0,"menu_order":0,"comment_status":"closed","ping_status":"closed","template":"","meta":{"_et_pb_use_builder":"on","_et_pb_old_content":"","_et_gb_content_width":"","footnotes":""},"class_list":["post-2426","page","type-page","status-publish","hentry"],"_links":{"self":[{"href":"https:\/\/meinschlafen.ch\/index.php?rest_route=\/wp\/v2\/pages\/2426","targetHints":{"allow":["GET"]}}],"collection":[{"href":"https:\/\/meinschlafen.ch\/index.php?rest_route=\/wp\/v2\/pages"}],"about":[{"href":"https:\/\/meinschlafen.ch\/index.php?rest_route=\/wp\/v2\/types\/page"}],"author":[{"embeddable":true,"href":"https:\/\/meinschlafen.ch\/index.php?rest_route=\/wp\/v2\/users\/1"}],"replies":[{"embeddable":true,"href":"https:\/\/meinschlafen.ch\/index.php?rest_route=%2Fwp%2Fv2%2Fcomments&post=2426"}],"version-history":[{"count":3,"href":"https:\/\/meinschlafen.ch\/index.php?rest_route=\/wp\/v2\/pages\/2426\/revisions"}],"predecessor-version":[{"id":2431,"href":"https:\/\/meinschlafen.ch\/index.php?rest_route=\/wp\/v2\/pages\/2426\/revisions\/2431"}],"wp:attachment":[{"href":"https:\/\/meinschlafen.ch\/index.php?rest_route=%2Fwp%2Fv2%2Fmedia&parent=2426"}],"curies":[{"name":"wp","href":"https:\/\/api.w.org\/{rel}","templated":true}]}}