{"id":2254,"date":"2024-09-14T12:16:38","date_gmt":"2024-09-14T12:16:38","guid":{"rendered":"https:\/\/meinschlafen.ch\/?page_id=2254"},"modified":"2025-04-16T13:38:50","modified_gmt":"2025-04-16T13:38:50","slug":"2254-2","status":"publish","type":"page","link":"https:\/\/meinschlafen.ch\/?page_id=2254","title":{"rendered":"Schlaftipps"},"content":{"rendered":"<p>[et_pb_section fb_built=&#8220;1&#8243; _builder_version=&#8220;4.27.0&#8243; _module_preset=&#8220;default&#8220; background_image=&#8220;https:\/\/meinschlafen.ch\/wp-content\/uploads\/2023\/02\/pexels-yan-krukau-7640484-scaled.jpg&#8220; height=&#8220;566px&#8220; global_colors_info=&#8220;{}&#8220;][et_pb_row _builder_version=&#8220;4.27.0&#8243; _module_preset=&#8220;default&#8220; background_color=&#8220;rgba(81,81,81,0.58)&#8220; custom_margin=&#8220;250px||||false|false&#8220; global_colors_info=&#8220;{}&#8220;][et_pb_column type=&#8220;4_4&#8243; _builder_version=&#8220;4.27.0&#8243; _module_preset=&#8220;default&#8220; global_colors_info=&#8220;{}&#8220;][et_pb_text _builder_version=&#8220;4.27.0&#8243; _module_preset=&#8220;default&#8220; text_font=&#8220;|600||on|||||&#8220; text_text_color=&#8220;#FFFFFF&#8220; text_font_size=&#8220;50px&#8220; text_line_height=&#8220;1.4em&#8220; text_orientation=&#8220;center&#8220; custom_margin=&#8220;20px|20px|20px|20px|false|false&#8220; custom_padding=&#8220;||||false|false&#8220; global_colors_info=&#8220;{}&#8220;]<\/p>\n<p>Schlaftipps welche Ihren Schlaf massiv verbessern k\u00f6nnen<\/p>\n<p>[\/et_pb_text][\/et_pb_column][\/et_pb_row][\/et_pb_section][et_pb_section fb_built=&#8220;1&#8243; _builder_version=&#8220;4.27.0&#8243; _module_preset=&#8220;default&#8220; custom_padding=&#8220;|||0px||&#8220; global_colors_info=&#8220;{}&#8220;][et_pb_row column_structure=&#8220;1_3,1_3,1_3&#8243; _builder_version=&#8220;4.27.4&#8243; _module_preset=&#8220;default&#8220; background_color=&#8220;rgba(146,175,146,0.97)&#8220; custom_padding=&#8220;||9px|||&#8220; hover_enabled=&#8220;0&#8243; global_colors_info=&#8220;{}&#8220; sticky_enabled=&#8220;0&#8243;][et_pb_column type=&#8220;1_3&#8243; _builder_version=&#8220;4.27.0&#8243; _module_preset=&#8220;default&#8220; global_colors_info=&#8220;{}&#8220;][et_pb_text _builder_version=&#8220;4.27.0&#8243; _module_preset=&#8220;default&#8220; text_font=&#8220;|600|||||||&#8220; text_font_size=&#8220;24px&#8220; min_height=&#8220;59px&#8220; custom_padding=&#8220;15px|15px|15px|15px|true|true&#8220; global_colors_info=&#8220;{}&#8220;]<\/p>\n<p>Elektrosmog reduzieren<\/p>\n<p>[\/et_pb_text][et_pb_text _builder_version=&#8220;4.27.0&#8243; _module_preset=&#8220;default&#8220; text_font_size=&#8220;20px&#8220; text_line_height=&#8220;1.4em&#8220; min_height=&#8220;192px&#8220; height=&#8220;270px&#8220; custom_padding=&#8220;15px|15px|15px|15px|true|true&#8220; global_colors_info=&#8220;{}&#8220;]<\/p>\n<p>Schalten Sie das WLAN immer ab, wenn Sie es nicht brauchen<\/p>\n<p>Halten Sie Ihr Handy wenn Sie es nicht brauchen, m\u00f6glichst weg von Ihnen.<\/p>\n<p>Lassen Sie \u00fcberpr\u00fcfen, ob das Bett am best geeigneten Ort steht.<\/p>\n<p>[\/et_pb_text][et_pb_image src=&#8220;https:\/\/meinschlafen.ch\/wp-content\/uploads\/2024\/09\/elektrosmog-turm.png&#8220; title_text=&#8220;elektrosmog turm&#8220; _builder_version=&#8220;4.27.0&#8243; _module_preset=&#8220;default&#8220; custom_padding=&#8220;15px|15px|15px|15px|true|true&#8220; global_colors_info=&#8220;{}&#8220;][\/et_pb_image][\/et_pb_column][et_pb_column type=&#8220;1_3&#8243; _builder_version=&#8220;4.27.0&#8243; _module_preset=&#8220;default&#8220; global_colors_info=&#8220;{}&#8220;][et_pb_text _builder_version=&#8220;4.27.0&#8243; _module_preset=&#8220;default&#8220; text_font=&#8220;|600|||||||&#8220; text_font_size=&#8220;24px&#8220; min_height=&#8220;59px&#8220; custom_padding=&#8220;15px|15px|15px|15px|true|true&#8220; global_colors_info=&#8220;{}&#8220;]<\/p>\n<p>Essen vor dem Schlaf<\/p>\n<p>[\/et_pb_text][et_pb_text _builder_version=&#8220;4.27.0&#8243; _module_preset=&#8220;default&#8220; text_font_size=&#8220;20px&#8220; text_line_height=&#8220;1.4em&#8220; min_height=&#8220;192px&#8220; height=&#8220;270px&#8220; custom_padding=&#8220;15px|15px|15px|15px|true|true&#8220; global_colors_info=&#8220;{}&#8220;]<\/p>\n<p>Nach 20.00 Uhr sollte man kein Essen mehr zu sich nehmen.<\/p>\n<p>Bei einem Hungergef\u00fchl besser nur Wasser trinken.<\/p>\n<p>Das beruhigt den K\u00f6rper welcher in der Nachphase die Verdauungst\u00e4tigkeit reduziert.<\/p>\n<p>[\/et_pb_text][et_pb_image src=&#8220;https:\/\/meinschlafen.ch\/wp-content\/uploads\/2024\/09\/meditierende-frau-2.png&#8220; title_text=&#8220;meditierende frau&#8220; align=&#8220;center&#8220; force_fullwidth=&#8220;on&#8220; _builder_version=&#8220;4.27.0&#8243; _module_preset=&#8220;default&#8220; module_alignment=&#8220;center&#8220; custom_padding=&#8220;15px|15px|15px|15px|false|false&#8220; global_colors_info=&#8220;{}&#8220;][\/et_pb_image][\/et_pb_column][et_pb_column type=&#8220;1_3&#8243; _builder_version=&#8220;4.27.0&#8243; _module_preset=&#8220;default&#8220; global_colors_info=&#8220;{}&#8220;][et_pb_text _builder_version=&#8220;4.27.0&#8243; _module_preset=&#8220;default&#8220; text_font=&#8220;|600|||||||&#8220; text_font_size=&#8220;24px&#8220; min_height=&#8220;59px&#8220; custom_padding=&#8220;15px|15px|15px|15px|true|true&#8220; global_colors_info=&#8220;{}&#8220;]<\/p>\n<p>Die Umgebung<\/p>\n<p>[\/et_pb_text][et_pb_text _builder_version=&#8220;4.27.0&#8243; _module_preset=&#8220;default&#8220; text_font_size=&#8220;20px&#8220; text_line_height=&#8220;1.4em&#8220; min_height=&#8220;192px&#8220; height=&#8220;270px&#8220; custom_padding=&#8220;15px|15px|15px|15px|true|true&#8220; global_colors_info=&#8220;{}&#8220;]<\/p>\n<p>Der Einfluss vor dem Schlaf von L\u00e4rm, Licht und auch ein unruhig gestaltetes Umfeld sollten vermieden werden.<\/p>\n<p>Allenfalls lohnt es sich, f\u00fcr die Wohnung und das Schlafzimmer jemand f\u00fcr das Design kommen zu lassen oder Freunde dazu fragen.<\/p>\n<p>[\/et_pb_text][et_pb_image src=&#8220;https:\/\/meinschlafen.ch\/wp-content\/uploads\/2024\/09\/raum.png&#8220; title_text=&#8220;raum&#8220; force_fullwidth=&#8220;on&#8220; _builder_version=&#8220;4.27.0&#8243; _module_preset=&#8220;default&#8220; custom_padding=&#8220;15px|15px|15px|15px|true|true&#8220; global_colors_info=&#8220;{}&#8220;][\/et_pb_image][\/et_pb_column][\/et_pb_row][et_pb_row _builder_version=&#8220;4.27.0&#8243; _module_preset=&#8220;default&#8220; min_height=&#8220;149px&#8220; custom_margin=&#8220;20px||||false|false&#8220; custom_padding=&#8220;28px|||||&#8220; global_colors_info=&#8220;{}&#8220;][et_pb_column type=&#8220;4_4&#8243; _builder_version=&#8220;4.27.0&#8243; _module_preset=&#8220;default&#8220; global_colors_info=&#8220;{}&#8220;][et_pb_text _builder_version=&#8220;4.27.0&#8243; _module_preset=&#8220;default&#8220; text_font=&#8220;|600|||||||&#8220; text_font_size=&#8220;24px&#8220; text_line_height=&#8220;1.8em&#8220; custom_padding=&#8220;15px|15px|15px|15px|false|false&#8220; global_colors_info=&#8220;{}&#8220;]<\/p>\n<p>5 weitere sehr wichtige Tipp&#8217;s um in der Nacht einen besseren Schlaf zu haben. Auch Tags\u00fcber gibt es Handlungen die in der Nacht einen grossen Beitrag leisten.<\/p>\n<p>[\/et_pb_text][\/et_pb_column][\/et_pb_row][et_pb_row column_structure=&#8220;1_3,2_3&#8243; _builder_version=&#8220;4.27.4&#8243; _module_preset=&#8220;default&#8220; background_color=&#8220;rgba(146,175,146,0.97)&#8220; hover_enabled=&#8220;0&#8243; global_colors_info=&#8220;{}&#8220; sticky_enabled=&#8220;0&#8243;][et_pb_column type=&#8220;1_3&#8243; _builder_version=&#8220;4.27.0&#8243; _module_preset=&#8220;default&#8220; global_colors_info=&#8220;{}&#8220;][et_pb_image src=&#8220;https:\/\/meinschlafen.ch\/wp-content\/uploads\/2024\/09\/schlafplan.png&#8220; title_text=&#8220;schlafplan&#8220; _builder_version=&#8220;4.27.0&#8243; _module_preset=&#8220;default&#8220; width=&#8220;50%&#8220; module_alignment=&#8220;center&#8220; custom_padding=&#8220;10px|10px|10px|10px|false|false&#8220; global_colors_info=&#8220;{}&#8220;][\/et_pb_image][\/et_pb_column][et_pb_column type=&#8220;2_3&#8243; _builder_version=&#8220;4.27.0&#8243; _module_preset=&#8220;default&#8220; global_colors_info=&#8220;{}&#8220;][et_pb_text _builder_version=&#8220;4.27.0&#8243; _module_preset=&#8220;default&#8220; text_font_size=&#8220;20px&#8220; text_line_height=&#8220;1.4em&#8220; custom_padding=&#8220;10px|10px|10px|10px|false|false&#8220; global_colors_info=&#8220;{}&#8220;]<\/p>\n<p><strong>Setze einen regelm\u00e4\u00dfigen Schlafplan<\/strong>:<br \/>Gehe jeden Tag zur selben Zeit ins Bett und stehe um die gleiche Zeit auf. Dein K\u00f6rper wird sich an diese Routine gew\u00f6hnen und wei\u00df dann genau, wann es Zeit zum Schlafen ist. <span style=\"font-size: 14px;\">\u00a0<\/span><\/p>\n<p>[\/et_pb_text][\/et_pb_column][\/et_pb_row][et_pb_row column_structure=&#8220;1_3,2_3&#8243; _builder_version=&#8220;4.27.0&#8243; _module_preset=&#8220;default&#8220; global_colors_info=&#8220;{}&#8220;][et_pb_column type=&#8220;1_3&#8243; _builder_version=&#8220;4.27.0&#8243; _module_preset=&#8220;default&#8220; global_colors_info=&#8220;{}&#8220;][et_pb_image src=&#8220;https:\/\/meinschlafen.ch\/wp-content\/uploads\/2024\/09\/Ruhig.png&#8220; title_text=&#8220;Ruhig&#8220; _builder_version=&#8220;4.27.0&#8243; _module_preset=&#8220;default&#8220; width=&#8220;50%&#8220; module_alignment=&#8220;center&#8220; custom_padding=&#8220;10px|10px|10px|10px|false|false&#8220; global_colors_info=&#8220;{}&#8220;][\/et_pb_image][\/et_pb_column][et_pb_column type=&#8220;2_3&#8243; _builder_version=&#8220;4.27.0&#8243; _module_preset=&#8220;default&#8220; global_colors_info=&#8220;{}&#8220;][et_pb_text _builder_version=&#8220;4.27.0&#8243; _module_preset=&#8220;default&#8220; text_font_size=&#8220;20px&#8220; text_line_height=&#8220;1.4em&#8220; custom_padding=&#8220;10px|10px|10px|10px|false|false&#8220; global_colors_info=&#8220;{}&#8220;]<\/p>\n<p><strong>Schaffe eine ruhige Umgebung<\/strong><span>: <\/span><\/p>\n<p><span>Stelle sicher, dass Dein Schlafzimmer dunkel, ruhig und k\u00fchl genug ist. Verwende Ohrst\u00f6psel oder eine Kopfh\u00f6rer wenn n\u00f6tig, um st\u00f6rende Ger\u00e4usche auszuschlie\u00dfen. Je ruhiger es ist, umso tiefer kann Dein Schlaf werden.<\/span><\/p>\n<p>[\/et_pb_text][\/et_pb_column][\/et_pb_row][et_pb_row column_structure=&#8220;1_3,2_3&#8243; _builder_version=&#8220;4.27.4&#8243; _module_preset=&#8220;default&#8220; background_color=&#8220;rgba(146,175,146,0.97)&#8220; hover_enabled=&#8220;0&#8243; global_colors_info=&#8220;{}&#8220; sticky_enabled=&#8220;0&#8243;][et_pb_column type=&#8220;1_3&#8243; _builder_version=&#8220;4.27.0&#8243; _module_preset=&#8220;default&#8220; global_colors_info=&#8220;{}&#8220;][et_pb_image src=&#8220;https:\/\/meinschlafen.ch\/wp-content\/uploads\/2024\/09\/Bewegung.png&#8220; title_text=&#8220;Bewegung&#8220; _builder_version=&#8220;4.27.0&#8243; _module_preset=&#8220;default&#8220; width=&#8220;50%&#8220; module_alignment=&#8220;center&#8220; custom_padding=&#8220;10px|10px|10px|10px|false|false&#8220; global_colors_info=&#8220;{}&#8220;][\/et_pb_image][\/et_pb_column][et_pb_column type=&#8220;2_3&#8243; _builder_version=&#8220;4.27.0&#8243; _module_preset=&#8220;default&#8220; global_colors_info=&#8220;{}&#8220;][et_pb_text _builder_version=&#8220;4.27.0&#8243; _module_preset=&#8220;default&#8220; text_font_size=&#8220;20px&#8220; text_line_height=&#8220;1.4em&#8220; custom_padding=&#8220;10px|10px|10px|10px|false|false&#8220; global_colors_info=&#8220;{}&#8220;]<\/p>\n<p><strong>Bewege Dich tags\u00fcber<\/strong><span>: <\/span><\/p>\n<p><span>Mach Sport oder geh spazieren um deinen K\u00f6rper aktiv zu halten. Aber vermeide intensive Aktivit\u00e4ten direkt vor dem Schlafengehen, da sie Deine Herzfrequenz erh\u00f6ht was dazu f\u00fchren kann, dass Du nicht schnell genug zur Ruhe kommst.<\/span>.<\/p>\n<p>[\/et_pb_text][\/et_pb_column][\/et_pb_row][et_pb_row column_structure=&#8220;1_3,2_3&#8243; _builder_version=&#8220;4.27.0&#8243; _module_preset=&#8220;default&#8220; global_colors_info=&#8220;{}&#8220;][et_pb_column type=&#8220;1_3&#8243; _builder_version=&#8220;4.27.0&#8243; _module_preset=&#8220;default&#8220; global_colors_info=&#8220;{}&#8220;][et_pb_image src=&#8220;https:\/\/meinschlafen.ch\/wp-content\/uploads\/2024\/09\/Elektronische-Geraete.png&#8220; title_text=&#8220;Elektronische Ger\u00e4te&#8220; _builder_version=&#8220;4.27.0&#8243; _module_preset=&#8220;default&#8220; width=&#8220;50%&#8220; module_alignment=&#8220;center&#8220; custom_padding=&#8220;10px|10px|10px|10px|false|false&#8220; global_colors_info=&#8220;{}&#8220;][\/et_pb_image][\/et_pb_column][et_pb_column type=&#8220;2_3&#8243; _builder_version=&#8220;4.27.0&#8243; _module_preset=&#8220;default&#8220; global_colors_info=&#8220;{}&#8220;][et_pb_text _builder_version=&#8220;4.27.0&#8243; _module_preset=&#8220;default&#8220; text_font_size=&#8220;18px&#8220; text_line_height=&#8220;1.4em&#8220; custom_padding=&#8220;10px|10px|10px|10px|false|false&#8220; global_colors_info=&#8220;{}&#8220;]<\/p>\n<p><strong>Vermeide die Verwendung von elektronischen Ger\u00e4te vor dem Schlafengehen<\/strong><span>: <\/span><\/p>\n<p><span>Der blaue Licht von Smartphones, Tablets und Computern kann Dein Schlafhormon Melatonin reduzieren. Versuche, mindestens eine Stunde vor dem Schlafengehen keine Bildschirme mehr zu benutzen, was auch f\u00fcr das Handy gilt.<\/span><\/p>\n<p>[\/et_pb_text][\/et_pb_column][\/et_pb_row][et_pb_row column_structure=&#8220;1_3,2_3&#8243; _builder_version=&#8220;4.27.4&#8243; _module_preset=&#8220;default&#8220; background_color=&#8220;rgba(146,175,146,0.97)&#8220; hover_enabled=&#8220;0&#8243; global_colors_info=&#8220;{}&#8220; sticky_enabled=&#8220;0&#8243;][et_pb_column type=&#8220;1_3&#8243; _builder_version=&#8220;4.27.0&#8243; _module_preset=&#8220;default&#8220; global_colors_info=&#8220;{}&#8220;][et_pb_image src=&#8220;https:\/\/meinschlafen.ch\/wp-content\/uploads\/2024\/09\/Entpannung.png&#8220; title_text=&#8220;Entpannung&#8220; _builder_version=&#8220;4.27.0&#8243; _module_preset=&#8220;default&#8220; width=&#8220;50%&#8220; module_alignment=&#8220;center&#8220; custom_padding=&#8220;10px|10px|10px|10px|false|false&#8220; global_colors_info=&#8220;{}&#8220;][\/et_pb_image][\/et_pb_column][et_pb_column type=&#8220;2_3&#8243; _builder_version=&#8220;4.27.0&#8243; _module_preset=&#8220;default&#8220; global_colors_info=&#8220;{}&#8220;][et_pb_text _builder_version=&#8220;4.27.0&#8243; _module_preset=&#8220;default&#8220; text_font_size=&#8220;20px&#8220; text_line_height=&#8220;1.4em&#8220; custom_padding=&#8220;10px|10px|10px|10px|false|false&#8220; global_colors_info=&#8220;{}&#8220;]<\/p>\n<p><strong>Mache eine entspannende Vor-Nacht-Routine<\/strong><span>: <\/span><\/p>\n<p><span>Lese ein Buch, nimm ein warmes Bade oder meditiere. Dies hilft Dir, Dich zu entspannen und bereit f\u00fcr den Schlaf zu machen.<\/span><\/p>\n<p>[\/et_pb_text][\/et_pb_column][\/et_pb_row][\/et_pb_section]<\/p>\n","protected":false},"excerpt":{"rendered":"<p>Schlaftipps welche Ihren Schlaf massiv verbessern k\u00f6nnenElektrosmog reduzierenSchalten Sie das WLAN immer ab, wenn Sie es nicht brauchen Halten Sie Ihr Handy wenn Sie es nicht brauchen, m\u00f6glichst weg von Ihnen. Lassen Sie \u00fcberpr\u00fcfen, ob das Bett am best geeigneten Ort steht.Essen vor dem SchlafNach 20.00 Uhr sollte man kein Essen mehr zu sich nehmen. [&hellip;]<\/p>\n","protected":false},"author":1,"featured_media":0,"parent":0,"menu_order":0,"comment_status":"closed","ping_status":"closed","template":"","meta":{"_et_pb_use_builder":"on","_et_pb_old_content":"","_et_gb_content_width":"","footnotes":""},"class_list":["post-2254","page","type-page","status-publish","hentry"],"_links":{"self":[{"href":"https:\/\/meinschlafen.ch\/index.php?rest_route=\/wp\/v2\/pages\/2254","targetHints":{"allow":["GET"]}}],"collection":[{"href":"https:\/\/meinschlafen.ch\/index.php?rest_route=\/wp\/v2\/pages"}],"about":[{"href":"https:\/\/meinschlafen.ch\/index.php?rest_route=\/wp\/v2\/types\/page"}],"author":[{"embeddable":true,"href":"https:\/\/meinschlafen.ch\/index.php?rest_route=\/wp\/v2\/users\/1"}],"replies":[{"embeddable":true,"href":"https:\/\/meinschlafen.ch\/index.php?rest_route=%2Fwp%2Fv2%2Fcomments&post=2254"}],"version-history":[{"count":14,"href":"https:\/\/meinschlafen.ch\/index.php?rest_route=\/wp\/v2\/pages\/2254\/revisions"}],"predecessor-version":[{"id":2726,"href":"https:\/\/meinschlafen.ch\/index.php?rest_route=\/wp\/v2\/pages\/2254\/revisions\/2726"}],"wp:attachment":[{"href":"https:\/\/meinschlafen.ch\/index.php?rest_route=%2Fwp%2Fv2%2Fmedia&parent=2254"}],"curies":[{"name":"wp","href":"https:\/\/api.w.org\/{rel}","templated":true}]}}